{"id":31,"date":"2021-07-21T12:08:16","date_gmt":"2021-07-21T10:08:16","guid":{"rendered":"https:\/\/web.anteva.info\/?page_id=31"},"modified":"2023-02-24T12:38:46","modified_gmt":"2023-02-24T10:38:46","slug":"inicio","status":"publish","type":"page","link":"https:\/\/anteva.gal\/","title":{"rendered":"inicio"},"content":{"rendered":"<p>[vc_row css_animation=\u00bb\u00bb row_type=\u00bbrow\u00bb use_row_as_full_screen_section=\u00bbno\u00bb type=\u00bbfull_width\u00bb angled_section=\u00bbno\u00bb text_align=\u00bbleft\u00bb background_image_as_pattern=\u00bbwithout_pattern\u00bb][vc_column][vc_row_inner row_type=\u00bbrow\u00bb type=\u00bbfull_width\u00bb text_align=\u00bbleft\u00bb css_animation=\u00bb\u00bb][vc_column_inner][vc_single_image image=\u00bb228&#8243; img_size=\u00bbfull\u00bb alignment=\u00bbcenter\u00bb qode_css_animation=\u00bb\u00bb][\/vc_column_inner][\/vc_row_inner][vc_row_inner row_type=\u00bbrow\u00bb type=\u00bbfull_width\u00bb text_align=\u00bbleft\u00bb css_animation=\u00bb\u00bb][vc_column_inner][vc_empty_space height=\u00bb60px\u00bb][vc_column_text]<\/p>\n<h2 style=\"text-align: center;\"><strong>ANTEVA SERVICIOS INFORM\u00c1TICOS<\/strong><\/h2>\n<p>[\/vc_column_text][vc_separator type=\u00bbsmall\u00bb position=\u00bbcenter\u00bb][vc_column_text]<\/p>\n<h4 style=\"text-align: center;\"><span style=\"color: #808080;\">\u00abSomos lo que hacemos d\u00eda a d\u00eda, de modo que la excelencia no es un acto, sino un h\u00e1bito\u00bb (Arist\u00f3teles)<\/span><\/h4>\n<p>[\/vc_column_text][vc_empty_space height=\u00bb60px\u00bb][\/vc_column_inner][\/vc_row_inner][\/vc_column][\/vc_row][vc_row css_animation=\u00bb\u00bb row_type=\u00bbrow\u00bb use_row_as_full_screen_section=\u00bbno\u00bb type=\u00bbfull_width\u00bb angled_section=\u00bbno\u00bb text_align=\u00bbleft\u00bb background_image_as_pattern=\u00bbwithout_pattern\u00bb][vc_column][vc_column_text]<\/p>\n<h3 style=\"text-align: center;\"><strong>SERVICIOS<\/strong><\/h3>\n<p>[\/vc_column_text][vc_empty_space height=\u00bb62px\u00bb][vc_row_inner row_type=\u00bbrow\u00bb type=\u00bbfull_width\u00bb text_align=\u00bbleft\u00bb css_animation=\u00bb\u00bb][vc_column_inner width=\u00bb1\/3&#8243;]<div class='q_icon_with_title medium custom_icon_image center qode_iwt_hover_enabled '><div class=\"icon_holder \" style=\" \"><img itemprop=\"image\" style=\"\" src=\"https:\/\/anteva.gal\/wp-content\/uploads\/2022\/01\/departamento-1.png\" alt=\"\"><\/div><div class=\"icon_text_holder\" style=\"\"><div class=\"icon_text_inner\" style=\"\"><h5 class=\"icon_title\" style=\"\">mantenimiento empresas<\/h5><p style='color: #dd2121'><\/p><\/div><\/div><\/div>[vc_single_image image=\u00bb121&#8243; img_size=\u00bb30&#215;30&#8243; alignment=\u00bbcenter\u00bb onclick=\u00bbcustom_link\u00bb qode_css_animation=\u00bb\u00bb link=\u00bbhttps:\/\/anteva.gal\/mantenimiento-de-empresas\/\u00bb][\/vc_column_inner][vc_column_inner width=\u00bb1\/3&#8243;]<div class='q_icon_with_title medium custom_icon_image center qode_iwt_hover_enabled '><div class=\"icon_holder \" style=\" \"><img itemprop=\"image\" style=\"\" src=\"https:\/\/anteva.gal\/wp-content\/uploads\/2022\/01\/apoyo.png\" alt=\"\"><\/div><div class=\"icon_text_holder\" style=\"\"><div class=\"icon_text_inner\" style=\"\"><h5 class=\"icon_title\" style=\"\">servicio t\u00e9cnico propio<\/h5><p style=''><\/p><\/div><\/div><\/div>[vc_single_image image=\u00bb121&#8243; img_size=\u00bb30&#215;30&#8243; alignment=\u00bbcenter\u00bb onclick=\u00bbcustom_link\u00bb img_link_target=\u00bb_blank\u00bb qode_css_animation=\u00bb\u00bb link=\u00bbhttps:\/\/anteva.gal\/servicio-tecnico-propio\/\u00bb][\/vc_column_inner][vc_column_inner width=\u00bb1\/3&#8243;]<div class='q_icon_with_title medium custom_icon_image center qode_iwt_hover_enabled '><div class=\"icon_holder \" style=\" \"><img itemprop=\"image\" style=\"\" src=\"https:\/\/anteva.gal\/wp-content\/uploads\/2022\/01\/computadora.png\" alt=\"\"><\/div><div class=\"icon_text_holder\" style=\"\"><div class=\"icon_text_inner\" style=\"\"><h5 class=\"icon_title\" style=\"\">venta material inform\u00e1tico<\/h5><p style=''><\/p><\/div><\/div><\/div>[vc_single_image image=\u00bb121&#8243; img_size=\u00bb30&#215;30&#8243; alignment=\u00bbcenter\u00bb onclick=\u00bbcustom_link\u00bb img_link_target=\u00bb_blank\u00bb qode_css_animation=\u00bb\u00bb link=\u00bbhttps:\/\/anteva.gal\/venta-material-informatico\/\u00bb][\/vc_column_inner][\/vc_row_inner][vc_row_inner row_type=\u00bbrow\u00bb type=\u00bbfull_width\u00bb text_align=\u00bbleft\u00bb css_animation=\u00bb\u00bb][vc_column_inner width=\u00bb1\/3&#8243;]<div class='q_icon_with_title medium custom_icon_image center qode_iwt_hover_enabled '><div class=\"icon_holder \" style=\" \"><img itemprop=\"image\" style=\"\" src=\"https:\/\/anteva.gal\/wp-content\/uploads\/2022\/01\/diseno-grafico.png\" alt=\"\"><\/div><div class=\"icon_text_holder\" style=\"\"><div class=\"icon_text_inner\" style=\"\"><h5 class=\"icon_title\" style=\"\">dise\u00f1o web<\/h5><p style=''><\/p><\/div><\/div><\/div>[vc_single_image image=\u00bb121&#8243; img_size=\u00bb30&#215;30&#8243; alignment=\u00bbcenter\u00bb onclick=\u00bbcustom_link\u00bb img_link_target=\u00bb_blank\u00bb qode_css_animation=\u00bb\u00bb link=\u00bbhttps:\/\/anteva.gal\/diseno-web\/\u00bb][\/vc_column_inner][vc_column_inner width=\u00bb1\/3&#8243;]<div class='q_icon_with_title medium custom_icon_image center qode_iwt_hover_enabled '><div class=\"icon_holder \" style=\" \"><img itemprop=\"image\" style=\"\" src=\"https:\/\/anteva.gal\/wp-content\/uploads\/2022\/01\/nube.png\" alt=\"\"><\/div><div class=\"icon_text_holder\" style=\"\"><div class=\"icon_text_inner\" style=\"\"><h5 class=\"icon_title\" style=\"\">hosting y alojamiento web<\/h5><p style=''><\/p><\/div><\/div><\/div>[vc_single_image image=\u00bb121&#8243; img_size=\u00bb30&#215;30&#8243; alignment=\u00bbcenter\u00bb onclick=\u00bbcustom_link\u00bb img_link_target=\u00bb_blank\u00bb qode_css_animation=\u00bb\u00bb link=\u00bbhttps:\/\/anteva.gal\/hosting-y-alojamiento-web\/\u00bb][\/vc_column_inner][vc_column_inner width=\u00bb1\/3&#8243;]<div class='q_icon_with_title medium custom_icon_image center qode_iwt_hover_enabled '><div class=\"icon_holder \" style=\" \"><img itemprop=\"image\" style=\"\" src=\"https:\/\/anteva.gal\/wp-content\/uploads\/2022\/01\/certificado.png\" alt=\"\"><\/div><div class=\"icon_text_holder\" style=\"\"><div class=\"icon_text_inner\" style=\"\"><h5 class=\"icon_title\" style=\"\">formaci\u00f3n homologada<\/h5><p style=''><\/p><\/div><\/div><\/div>[vc_single_image image=\u00bb121&#8243; img_size=\u00bb30&#215;30&#8243; alignment=\u00bbcenter\u00bb onclick=\u00bbcustom_link\u00bb img_link_target=\u00bb_blank\u00bb qode_css_animation=\u00bb\u00bb link=\u00bbhttps:\/\/anteva.gal\/formacion-homologada\/\u00bb][\/vc_column_inner][\/vc_row_inner][vc_empty_space height=\u00bb100px\u00bb][\/vc_column][\/vc_row][vc_row css_animation=\u00bb\u00bb row_type=\u00bbrow\u00bb use_row_as_full_screen_section=\u00bbno\u00bb type=\u00bbfull_width\u00bb angled_section=\u00bbno\u00bb text_align=\u00bbleft\u00bb background_image_as_pattern=\u00bbwithout_pattern\u00bb z_index=\u00bb\u00bb][vc_column][vc_row_inner row_type=\u00bbrow\u00bb type=\u00bbfull_width\u00bb text_align=\u00bbleft\u00bb css_animation=\u00bb\u00bb][vc_column_inner width=\u00bb1\/6&#8243;][\/vc_column_inner][vc_column_inner width=\u00bb2\/3&#8243;][vc_column_text]<\/p>\n<h3 style=\"text-align: center;\"><span style=\"color: #ff0000;\">DISTRIBUIDORES OFICIALES DE ICG SOFTWARE<\/span><\/h3>\n<p>[\/vc_column_text][vc_separator type=\u00bbsmall\u00bb position=\u00bbcenter\u00bb][vc_column_text]<\/p>\n<p style=\"text-align: center;\">El Grupo ICG es un grupo multinacional que fabrica soluciones tecnol\u00f3gicas globales para peque\u00f1as, medianas y grandes empresas de los sectores de hosteler\u00eda, hotel y retail, desde el Software Punto de Venta hasta la gesti\u00f3n centralizada de cadenas y franquicias.<\/p>\n<p style=\"text-align: center;\">Si necesitas alguno de los productos ICG para tu negocio no dudes en consultarnos.<\/p>\n<p><img decoding=\"async\" loading=\"lazy\" class=\" wp-image-182 aligncenter\" src=\"https:\/\/web.anteva.info\/wp-content\/uploads\/2022\/01\/Logo_ICG_Software.svg_-289x300.png\" alt=\"\" width=\"215\" height=\"223\" srcset=\"https:\/\/anteva.gal\/wp-content\/uploads\/2022\/01\/Logo_ICG_Software.svg_-289x300.png 289w, https:\/\/anteva.gal\/wp-content\/uploads\/2022\/01\/Logo_ICG_Software.svg_-768x797.png 768w, https:\/\/anteva.gal\/wp-content\/uploads\/2022\/01\/Logo_ICG_Software.svg_-700x726.png 700w, https:\/\/anteva.gal\/wp-content\/uploads\/2022\/01\/Logo_ICG_Software.svg_.png 987w\" sizes=\"(max-width: 215px) 100vw, 215px\" \/>[\/vc_column_text][\/vc_column_inner][vc_column_inner width=\u00bb1\/6&#8243;][\/vc_column_inner][\/vc_row_inner][vc_empty_space height=\u00bb100px\u00bb][vc_row_inner row_type=\u00bbrow\u00bb type=\u00bbfull_width\u00bb text_align=\u00bbleft\u00bb css_animation=\u00bb\u00bb][vc_column_inner width=\u00bb1\/4&#8243;][vc_single_image image=\u00bb166&#8243; alignment=\u00bbcenter\u00bb qode_css_animation=\u00bb\u00bb][vc_empty_space][vc_column_text]<\/p>\n<p style=\"text-align: center;\">ICG Front Hotel<\/p>\n<p>[\/vc_column_text][\/vc_column_inner][vc_column_inner width=\u00bb1\/4&#8243;][vc_single_image image=\u00bb168&#8243; alignment=\u00bbcenter\u00bb qode_css_animation=\u00bb\u00bb][vc_empty_space][vc_column_text]<\/p>\n<p style=\"text-align: center;\">ICG Front Retail<\/p>\n<p>[\/vc_column_text][\/vc_column_inner][vc_column_inner width=\u00bb1\/4&#8243;][vc_single_image image=\u00bb167&#8243; alignment=\u00bbcenter\u00bb qode_css_animation=\u00bb\u00bb][vc_empty_space][vc_column_text]<\/p>\n<p style=\"text-align: center;\">ICG Front Rest<\/p>\n<p>[\/vc_column_text][\/vc_column_inner][vc_column_inner width=\u00bb1\/4&#8243;][vc_single_image image=\u00bb169&#8243; alignment=\u00bbcenter\u00bb qode_css_animation=\u00bb\u00bb][vc_empty_space][vc_column_text]<\/p>\n<p style=\"text-align: center;\">ICG Manager<\/p>\n<p>[\/vc_column_text][\/vc_column_inner][\/vc_row_inner][\/vc_column][\/vc_row][vc_row css_animation=\u00bb\u00bb row_type=\u00bbrow\u00bb use_row_as_full_screen_section=\u00bbno\u00bb type=\u00bbfull_width\u00bb angled_section=\u00bbno\u00bb text_align=\u00bbleft\u00bb background_image_as_pattern=\u00bbwithout_pattern\u00bb][vc_column width=\u00bb1\/6&#8243;][\/vc_column][vc_column width=\u00bb2\/3&#8243;][vc_empty_space height=\u00bb80px\u00bb][vc_column_text]<\/p>\n<h3 style=\"text-align: center;\"><span style=\"color: #ff0000;\">DISTRIBUIDORES OFICIALES DE CASHDRO<\/span><\/h3>\n<p>[\/vc_column_text][vc_separator type=\u00bbsmall\u00bb position=\u00bbcenter\u00bb][vc_column_text]<\/p>\n<h2 style=\"text-align: center;\"><\/h2>\n<h5 class=\"col-about-title\" style=\"text-align: center;\">UN CASHDRO PARA CADA TIPO DE NEGOCIO<\/h5>\n<div class=\"col-about-info\">\n<p style=\"text-align: center;\">CashDro es el caj\u00f3n inteligente <b>m\u00e1s seguro del mercado<\/b>. A diferencia de otros cajones fabricados con pl\u00e1stico o chapa delgada, CashDro est\u00e1 fabricado con chapa de acero de hasta 4mm de grosor<\/p>\n<p>&nbsp;<\/p>\n<p>&nbsp;<\/p>\n<\/div>\n<p>[\/vc_column_text][vc_empty_space height=\u00bb25px\u00bb][vc_row_inner row_type=\u00bbrow\u00bb type=\u00bbfull_width\u00bb text_align=\u00bbleft\u00bb css_animation=\u00bb\u00bb][vc_column_inner][vc_single_image image=\u00bb344&#8243; img_size=\u00bbfull\u00bb alignment=\u00bbcenter\u00bb qode_css_animation=\u00bb\u00bb][\/vc_column_inner][\/vc_row_inner][vc_empty_space height=\u00bb100px\u00bb][vc_row_inner row_type=\u00bbrow\u00bb type=\u00bbfull_width\u00bb text_align=\u00bbleft\u00bb css_animation=\u00bb\u00bb][vc_column_inner width=\u00bb1\/3&#8243;][vc_column_text]<\/p>\n<h3 style=\"text-align: center;\"><a href=\"https:\/\/anteva.gal\/?page_id=566\">CASHDRO 3<\/a><\/h3>\n<p>[\/vc_column_text][\/vc_column_inner][vc_column_inner width=\u00bb1\/3&#8243;][vc_column_text]<\/p>\n<h3 style=\"text-align: center;\"><a href=\"https:\/\/anteva.gal\/?page_id=568\">CASHDRO 5<\/a><\/h3>\n<p>[\/vc_column_text][\/vc_column_inner][vc_column_inner width=\u00bb1\/3&#8243;][vc_column_text]<\/p>\n<h3 style=\"text-align: center;\"><a href=\"https:\/\/anteva.gal\/?page_id=570\">CASHDRO 7<\/a><\/h3>\n<p>[\/vc_column_text][\/vc_column_inner][\/vc_row_inner][\/vc_column][vc_column width=\u00bb1\/6&#8243;][\/vc_column][\/vc_row][vc_row css_animation=\u00bb\u00bb row_type=\u00bbrow\u00bb use_row_as_full_screen_section=\u00bbno\u00bb type=\u00bbfull_width\u00bb angled_section=\u00bbno\u00bb text_align=\u00bbleft\u00bb background_image_as_pattern=\u00bbwithout_pattern\u00bb][vc_column width=\u00bb1\/6&#8243;][\/vc_column][vc_column width=\u00bb2\/3&#8243;][vc_empty_space height=\u00bb100px\u00bb][vc_column_text]<\/p>\n<h3 style=\"text-align: center;\"><span style=\"color: #ff0000;\">DISTRIBUIDORES OFICIALES DE ESET NOD32<\/span><\/h3>\n<p>[\/vc_column_text][vc_separator type=\u00bbsmall\u00bb position=\u00bbcenter\u00bb][vc_column_text]<\/p>\n<p style=\"text-align: center;\">Una protecci\u00f3n de leyenda. Todas las soluciones se nutren de la m\u00edtica tecnolog\u00eda de protecci\u00f3n NOD32. Disfruta de una tecnolog\u00eda avanzada que no afecta el rendimiento.<\/p>\n<p style=\"text-align: center;\">Si necesitas alguno de los productos Eset Nod32 para tu negocio o equipo particular no dudes en consultarnos.<\/p>\n<p>[\/vc_column_text][vc_empty_space][vc_single_image image=\u00bb143&#8243; alignment=\u00bbcenter\u00bb qode_css_animation=\u00bb\u00bb][vc_empty_space][\/vc_column][vc_column width=\u00bb1\/6&#8243;][\/vc_column][\/vc_row][vc_row css_animation=\u00bb\u00bb row_type=\u00bbrow\u00bb use_row_as_full_screen_section=\u00bbno\u00bb type=\u00bbfull_width\u00bb angled_section=\u00bbno\u00bb text_align=\u00bbleft\u00bb background_image_as_pattern=\u00bbwithout_pattern\u00bb][vc_column width=\u00bb1\/6&#8243;][\/vc_column][vc_column width=\u00bb2\/3&#8243;][vc_empty_space height=\u00bb100px\u00bb][vc_column_text]<\/p>\n<h3 style=\"text-align: center;\"><span style=\"color: #ff0000;\">EMPRESA CERTIFICADA PARA FORMACI\u00d3N HOMOLOGADA PARA LA XUNTA DE GALICIA<\/span><\/h3>\n<p>[\/vc_column_text][vc_separator type=\u00bbsmall\u00bb position=\u00bbcenter\u00bb][vc_empty_space][vc_row_inner row_type=\u00bbrow\u00bb type=\u00bbfull_width\u00bb text_align=\u00bbleft\u00bb css_animation=\u00bb\u00bb][vc_column_inner width=\u00bb1\/2&#8243;][vc_single_image image=\u00bb357&#8243; img_size=\u00bbfull\u00bb alignment=\u00bbcenter\u00bb qode_css_animation=\u00bb\u00bb][\/vc_column_inner][vc_column_inner width=\u00bb1\/2&#8243;][vc_single_image image=\u00bb360&#8243; img_size=\u00bbfull\u00bb qode_css_animation=\u00bb\u00bb][\/vc_column_inner][\/vc_row_inner][vc_empty_space][\/vc_column][vc_column width=\u00bb1\/6&#8243;][\/vc_column][\/vc_row]<\/p>\n","protected":false},"excerpt":{"rendered":"<p>[vc_row css_animation=\u00bb\u00bb row_type=\u00bbrow\u00bb use_row_as_full_screen_section=\u00bbno\u00bb type=\u00bbfull_width\u00bb angled_section=\u00bbno\u00bb text_align=\u00bbleft\u00bb background_image_as_pattern=\u00bbwithout_pattern\u00bb][vc_column][vc_row_inner row_type=\u00bbrow\u00bb type=\u00bbfull_width\u00bb text_align=\u00bbleft\u00bb css_animation=\u00bb\u00bb][vc_column_inner][vc_single_image image=\u00bb228&#8243; img_size=\u00bbfull\u00bb alignment=\u00bbcenter\u00bb qode_css_animation=\u00bb\u00bb][\/vc_column_inner][\/vc_row_inner][vc_row_inner row_type=\u00bbrow\u00bb type=\u00bbfull_width\u00bb text_align=\u00bbleft\u00bb css_animation=\u00bb\u00bb][vc_column_inner][vc_empty_space height=\u00bb60px\u00bb][vc_column_text] ANTEVA SERVICIOS INFORM\u00c1TICOS [\/vc_column_text][vc_separator type=\u00bbsmall\u00bb position=\u00bbcenter\u00bb][vc_column_text] \u00abSomos lo que hacemos d\u00eda a d\u00eda, de modo que la excelencia no es un acto, sino un&#8230;<\/p>\n","protected":false},"author":1,"featured_media":0,"parent":0,"menu_order":0,"comment_status":"closed","ping_status":"closed","template":"full_width.php","meta":[],"_links":{"self":[{"href":"https:\/\/anteva.gal\/index.php?rest_route=\/wp\/v2\/pages\/31"}],"collection":[{"href":"https:\/\/anteva.gal\/index.php?rest_route=\/wp\/v2\/pages"}],"about":[{"href":"https:\/\/anteva.gal\/index.php?rest_route=\/wp\/v2\/types\/page"}],"author":[{"embeddable":true,"href":"https:\/\/anteva.gal\/index.php?rest_route=\/wp\/v2\/users\/1"}],"replies":[{"embeddable":true,"href":"https:\/\/anteva.gal\/index.php?rest_route=%2Fwp%2Fv2%2Fcomments&post=31"}],"version-history":[{"count":89,"href":"https:\/\/anteva.gal\/index.php?rest_route=\/wp\/v2\/pages\/31\/revisions"}],"predecessor-version":[{"id":608,"href":"https:\/\/anteva.gal\/index.php?rest_route=\/wp\/v2\/pages\/31\/revisions\/608"}],"wp:attachment":[{"href":"https:\/\/anteva.gal\/index.php?rest_route=%2Fwp%2Fv2%2Fmedia&parent=31"}],"curies":[{"name":"wp","href":"https:\/\/api.w.org\/{rel}","templated":true}]}}