{"id":409,"date":"2022-01-14T22:05:32","date_gmt":"2022-01-14T20:05:32","guid":{"rendered":"https:\/\/web.anteva.info\/?page_id=409"},"modified":"2024-07-10T10:40:48","modified_gmt":"2024-07-10T08:40:48","slug":"politica-de-cookies","status":"publish","type":"page","link":"https:\/\/anteva.gal\/?page_id=409","title":{"rendered":"Pol\u00edtica de Cookies"},"content":{"rendered":"<p>[vc_row css_animation=\u00bb\u00bb row_type=\u00bbrow\u00bb use_row_as_full_screen_section=\u00bbno\u00bb type=\u00bbfull_width\u00bb angled_section=\u00bbno\u00bb text_align=\u00bbleft\u00bb background_image_as_pattern=\u00bbwithout_pattern\u00bb][vc_column][vc_empty_space height=\u00bb150px\u00bb][vc_column_text el_id=\u00bbcookies-segunda-capa\u00bb]Utilizamos cookies propias y de terceros para realizar el an\u00e1lisis de la navegaci\u00f3n de los usuarios y mejorar nuestros servicios. Si contin\u00faa navegando, consideramos que acepta su uso. Puede obtener m\u00e1s informaci\u00f3n, o bien conocer c\u00f3mo cambiar la configuraci\u00f3n, pulsando en <a href=\"https:\/\/anteva.gal\/?page_id=624\">M\u00e1s Informaci\u00f3n<\/a>.[\/vc_column_text][\/vc_column][\/vc_row]<\/p>\n","protected":false},"excerpt":{"rendered":"<p>[vc_row css_animation=\u00bb\u00bb row_type=\u00bbrow\u00bb use_row_as_full_screen_section=\u00bbno\u00bb type=\u00bbfull_width\u00bb angled_section=\u00bbno\u00bb text_align=\u00bbleft\u00bb background_image_as_pattern=\u00bbwithout_pattern\u00bb][vc_column][vc_empty_space height=\u00bb150px\u00bb][vc_column_text el_id=\u00bbcookies-segunda-capa\u00bb]Utilizamos cookies propias y de terceros para realizar el an\u00e1lisis de la navegaci\u00f3n de los usuarios y mejorar nuestros servicios. Si contin\u00faa navegando, consideramos que acepta su uso. Puede obtener m\u00e1s informaci\u00f3n, o bien conocer c\u00f3mo&#8230;<\/p>\n","protected":false},"author":1,"featured_media":0,"parent":0,"menu_order":0,"comment_status":"closed","ping_status":"closed","template":"","meta":[],"_links":{"self":[{"href":"https:\/\/anteva.gal\/index.php?rest_route=\/wp\/v2\/pages\/409"}],"collection":[{"href":"https:\/\/anteva.gal\/index.php?rest_route=\/wp\/v2\/pages"}],"about":[{"href":"https:\/\/anteva.gal\/index.php?rest_route=\/wp\/v2\/types\/page"}],"author":[{"embeddable":true,"href":"https:\/\/anteva.gal\/index.php?rest_route=\/wp\/v2\/users\/1"}],"replies":[{"embeddable":true,"href":"https:\/\/anteva.gal\/index.php?rest_route=%2Fwp%2Fv2%2Fcomments&post=409"}],"version-history":[{"count":11,"href":"https:\/\/anteva.gal\/index.php?rest_route=\/wp\/v2\/pages\/409\/revisions"}],"predecessor-version":[{"id":627,"href":"https:\/\/anteva.gal\/index.php?rest_route=\/wp\/v2\/pages\/409\/revisions\/627"}],"wp:attachment":[{"href":"https:\/\/anteva.gal\/index.php?rest_route=%2Fwp%2Fv2%2Fmedia&parent=409"}],"curies":[{"name":"wp","href":"https:\/\/api.w.org\/{rel}","templated":true}]}}