{"id":411,"date":"2022-01-14T22:07:54","date_gmt":"2022-01-14T20:07:54","guid":{"rendered":"https:\/\/web.anteva.info\/?page_id=411"},"modified":"2022-11-24T12:08:01","modified_gmt":"2022-11-24T10:08:01","slug":"politica-de-calidad","status":"publish","type":"page","link":"https:\/\/anteva.gal\/?page_id=411","title":{"rendered":"Pol\u00edtica de Calidad"},"content":{"rendered":"<p>[vc_row css_animation=\u00bb\u00bb row_type=\u00bbrow\u00bb use_row_as_full_screen_section=\u00bbno\u00bb type=\u00bbfull_width\u00bb angled_section=\u00bbno\u00bb text_align=\u00bbleft\u00bb background_image_as_pattern=\u00bbwithout_pattern\u00bb][vc_column][vc_empty_space height=\u00bb150px\u00bb][vc_column_text]La Calidad y Seguridad de la Informaci\u00f3n en los procesos desarrollados en <strong><em>ANTEVA SERVICIOS INFORM\u00c1TICOS, S.L.<\/em><\/strong> para <strong>\u201c<\/strong><strong><em>Dise\u00f1o de p\u00e1gina web. Instalaci\u00f3n y mantenimiento de sistemas inform\u00e1ticos y redes de comunicaci\u00f3n<\/em><\/strong><strong>\u201d<\/strong>, forma parte importante en las decisiones de la Direcci\u00f3n de <strong><em>ANTEVA SERVICIOS INFORM\u00c1TICOS, S.L.<\/em><\/strong> Por lo tanto, existe una Pol\u00edtica de Gesti\u00f3n basada en las siguientes directrices:<\/p>\n<ul>\n<li>Promover la mejora continua de las actividades y servicios en el \u00e1mbito de su relaci\u00f3n con la Calidad de la Informaci\u00f3n, evalu\u00e1ndose por anticipado a las repercusiones de cualquier nuevo desarrollo sobre esta variable.<\/li>\n<li>Demostrar a nuestros clientes actuales y potenciales nuestra capacidad para ofrecer uno servicio siempre conforme con la calidad requerida.<\/li>\n<li>Cumplir en todo momento las exigencias de la legislaci\u00f3n y la normativa vigente que le sea de aplicaci\u00f3n a nuestra organizaci\u00f3n.<\/li>\n<li>Fomentar la comunicaci\u00f3n y cooperaci\u00f3n con los trabajadores y proveedores para que se alcancen todos los objetivos marcados y los clientes reciban la mejor atenci\u00f3n y servicio por nuestra parte. Se prestar\u00e1 especial atenci\u00f3n a las inquietudes de los trabajadores, proveedores, clientes o dem\u00e1s partes interesadas.<\/li>\n<li>Desarrollar un Sistema de Gesti\u00f3n de la Calidad y Seguridad de la Informaci\u00f3n de acuerdo con la norma UNE-EN-ISO 9001, como un mecanismo sistem\u00e1tico que asegure la calidad de la informaci\u00f3n de los procesos de la organizaci\u00f3n.<\/li>\n<li>La Pol\u00edtica de Gesti\u00f3n proporciona el marco de referencia para establecer y revisar los objetivos y las metas de Calidad y Seguridad de la Informaci\u00f3n.<\/li>\n<\/ul>\n<p style=\"text-align: right;\">En Carballo, a 18 Noviembre de 2019<\/p>\n<p style=\"text-align: right;\">Firmado: La Gerencia<\/p>\n<p style=\"text-align: right;\">Firmado: La Gerencia<\/p>\n<p>&nbsp;<\/p>\n<p style=\"text-align: right;\"><img decoding=\"async\" loading=\"lazy\" class=\"alignnone wp-image-349\" src=\"https:\/\/anteva.gal\/wp-content\/uploads\/2022\/01\/Sello-AENOR-ISO-9001_POS-1-300x252.png\" alt=\"\" width=\"211\" height=\"177\" srcset=\"https:\/\/anteva.gal\/wp-content\/uploads\/2022\/01\/Sello-AENOR-ISO-9001_POS-1-300x252.png 300w, https:\/\/anteva.gal\/wp-content\/uploads\/2022\/01\/Sello-AENOR-ISO-9001_POS-1-768x646.png 768w, https:\/\/anteva.gal\/wp-content\/uploads\/2022\/01\/Sello-AENOR-ISO-9001_POS-1-700x588.png 700w, https:\/\/anteva.gal\/wp-content\/uploads\/2022\/01\/Sello-AENOR-ISO-9001_POS-1.png 904w\" sizes=\"(max-width: 211px) 100vw, 211px\" \/><\/p>\n<p>[\/vc_column_text][\/vc_column][\/vc_row]<\/p>\n","protected":false},"excerpt":{"rendered":"<p>[vc_row css_animation=\u00bb\u00bb row_type=\u00bbrow\u00bb use_row_as_full_screen_section=\u00bbno\u00bb type=\u00bbfull_width\u00bb angled_section=\u00bbno\u00bb text_align=\u00bbleft\u00bb background_image_as_pattern=\u00bbwithout_pattern\u00bb][vc_column][vc_empty_space height=\u00bb150px\u00bb][vc_column_text]La Calidad y Seguridad de la Informaci\u00f3n en los procesos desarrollados en ANTEVA SERVICIOS INFORM\u00c1TICOS, S.L. para \u201cDise\u00f1o de p\u00e1gina web. Instalaci\u00f3n y mantenimiento de sistemas inform\u00e1ticos y redes de comunicaci\u00f3n\u201d, forma parte importante en las decisiones&#8230;<\/p>\n","protected":false},"author":1,"featured_media":0,"parent":0,"menu_order":0,"comment_status":"closed","ping_status":"closed","template":"","meta":[],"_links":{"self":[{"href":"https:\/\/anteva.gal\/index.php?rest_route=\/wp\/v2\/pages\/411"}],"collection":[{"href":"https:\/\/anteva.gal\/index.php?rest_route=\/wp\/v2\/pages"}],"about":[{"href":"https:\/\/anteva.gal\/index.php?rest_route=\/wp\/v2\/types\/page"}],"author":[{"embeddable":true,"href":"https:\/\/anteva.gal\/index.php?rest_route=\/wp\/v2\/users\/1"}],"replies":[{"embeddable":true,"href":"https:\/\/anteva.gal\/index.php?rest_route=%2Fwp%2Fv2%2Fcomments&post=411"}],"version-history":[{"count":5,"href":"https:\/\/anteva.gal\/index.php?rest_route=\/wp\/v2\/pages\/411\/revisions"}],"predecessor-version":[{"id":554,"href":"https:\/\/anteva.gal\/index.php?rest_route=\/wp\/v2\/pages\/411\/revisions\/554"}],"wp:attachment":[{"href":"https:\/\/anteva.gal\/index.php?rest_route=%2Fwp%2Fv2%2Fmedia&parent=411"}],"curies":[{"name":"wp","href":"https:\/\/api.w.org\/{rel}","templated":true}]}}